{"id":1960,"date":"2020-10-05T22:02:10","date_gmt":"2020-10-05T22:02:10","guid":{"rendered":"https:\/\/mamadevelop.env.ennismore.com\/dijon\/explorer\/photos\/"},"modified":"2025-08-04T15:13:40","modified_gmt":"2025-08-04T15:13:40","slug":"photos","status":"publish","type":"page","link":"https:\/\/fr.mamadevelop.env.ennismore.com\/dijon\/explorer\/photos\/","title":{"rendered":"Photos"},"content":{"rendered":"","protected":false},"excerpt":{"rendered":"","protected":false},"author":3,"featured_media":0,"parent":1475,"menu_order":16,"comment_status":"closed","ping_status":"closed","template":"gallery.php","meta":{"footnotes":""},"class_list":["post-1960","page","type-page","status-publish","hentry"],"acf":[],"yoast_head":"<!-- This site is optimized with the Yoast SEO plugin v20.13 - https:\/\/yoast.com\/wordpress\/plugins\/seo\/ -->\n<title>D\u00e9couvrez en images votre s\u00e9jour \u00e0 Dijon | Mama Shelter<\/title>\n<meta name=\"description\" content=\"D\u00e9couvrez le Mama Shelter Dijon en images : Chambres, restaurant, salles de r\u00e9unions...\" \/>\n<meta name=\"robots\" content=\"index, follow, max-snippet:-1, max-image-preview:large, max-video-preview:-1\" \/>\n<link rel=\"canonical\" href=\"https:\/\/fr.mamadevelop.env.ennismore.com\/dijon\/explorer\/photos\/\" \/>\n<meta property=\"og:locale\" content=\"fr_FR\" \/>\n<meta property=\"og:type\" content=\"article\" \/>\n<meta property=\"og:title\" content=\"D\u00e9couvrez en images votre s\u00e9jour \u00e0 Dijon | Mama Shelter\" \/>\n<meta property=\"og:description\" content=\"D\u00e9couvrez le Mama Shelter Dijon en images : Chambres, restaurant, salles de r\u00e9unions...\" \/>\n<meta property=\"og:url\" content=\"https:\/\/fr.mamadevelop.env.ennismore.com\/dijon\/explorer\/photos\/\" \/>\n<meta property=\"og:site_name\" content=\"Dijon\" \/>\n<meta property=\"article:modified_time\" content=\"2025-08-04T15:13:40+00:00\" \/>\n<meta name=\"twitter:card\" content=\"summary_large_image\" \/>\n<script type=\"application\/ld+json\" class=\"yoast-schema-graph\">{\"@context\":\"https:\/\/schema.org\",\"@graph\":[{\"@type\":\"WebPage\",\"@id\":\"https:\/\/fr.mamadevelop.env.ennismore.com\/dijon\/explorer\/photos\/\",\"url\":\"https:\/\/fr.mamadevelop.env.ennismore.com\/dijon\/explorer\/photos\/\",\"name\":\"D\u00e9couvrez en images votre s\u00e9jour \u00e0 Dijon | Mama Shelter\",\"isPartOf\":{\"@id\":\"https:\/\/fr.mamadevelop.env.ennismore.com\/dijon\/#website\"},\"datePublished\":\"2020-10-05T22:02:10+00:00\",\"dateModified\":\"2025-08-04T15:13:40+00:00\",\"description\":\"D\u00e9couvrez le Mama Shelter Dijon en images : Chambres, restaurant, salles de r\u00e9unions...\",\"breadcrumb\":{\"@id\":\"https:\/\/fr.mamadevelop.env.ennismore.com\/dijon\/explorer\/photos\/#breadcrumb\"},\"inLanguage\":\"fr-FR\",\"potentialAction\":[{\"@type\":\"ReadAction\",\"target\":[\"https:\/\/fr.mamadevelop.env.ennismore.com\/dijon\/explorer\/photos\/\"]}]},{\"@type\":\"BreadcrumbList\",\"@id\":\"https:\/\/fr.mamadevelop.env.ennismore.com\/dijon\/explorer\/photos\/#breadcrumb\",\"itemListElement\":[{\"@type\":\"ListItem\",\"position\":1,\"name\":\"Home\",\"item\":\"https:\/\/fr.mamadevelop.env.ennismore.com\/dijon\/\"},{\"@type\":\"ListItem\",\"position\":2,\"name\":\"Explore\",\"item\":\"https:\/\/fr.mamadevelop.env.ennismore.com\/dijon\/explorer\/\"},{\"@type\":\"ListItem\",\"position\":3,\"name\":\"Photos\"}]},{\"@type\":\"WebSite\",\"@id\":\"https:\/\/fr.mamadevelop.env.ennismore.com\/dijon\/#website\",\"url\":\"https:\/\/fr.mamadevelop.env.ennismore.com\/dijon\/\",\"name\":\"Dijon\",\"description\":\"Mama Shelter\",\"potentialAction\":[{\"@type\":\"SearchAction\",\"target\":{\"@type\":\"EntryPoint\",\"urlTemplate\":\"https:\/\/fr.mamadevelop.env.ennismore.com\/dijon\/?s={search_term_string}\"},\"query-input\":\"required name=search_term_string\"}],\"inLanguage\":\"fr-FR\"}]}<\/script>\n<!-- \/ Yoast SEO plugin. -->","yoast_head_json":{"title":"D\u00e9couvrez en images votre s\u00e9jour \u00e0 Dijon | Mama Shelter","description":"D\u00e9couvrez le Mama Shelter Dijon en images : Chambres, restaurant, salles de r\u00e9unions...","robots":{"index":"index","follow":"follow","max-snippet":"max-snippet:-1","max-image-preview":"max-image-preview:large","max-video-preview":"max-video-preview:-1"},"canonical":"https:\/\/fr.mamadevelop.env.ennismore.com\/dijon\/explorer\/photos\/","og_locale":"fr_FR","og_type":"article","og_title":"D\u00e9couvrez en images votre s\u00e9jour \u00e0 Dijon | Mama Shelter","og_description":"D\u00e9couvrez le Mama Shelter Dijon en images : Chambres, restaurant, salles de r\u00e9unions...","og_url":"https:\/\/fr.mamadevelop.env.ennismore.com\/dijon\/explorer\/photos\/","og_site_name":"Dijon","article_modified_time":"2025-08-04T15:13:40+00:00","twitter_card":"summary_large_image","schema":{"@context":"https:\/\/schema.org","@graph":[{"@type":"WebPage","@id":"https:\/\/fr.mamadevelop.env.ennismore.com\/dijon\/explorer\/photos\/","url":"https:\/\/fr.mamadevelop.env.ennismore.com\/dijon\/explorer\/photos\/","name":"D\u00e9couvrez en images votre s\u00e9jour \u00e0 Dijon | Mama Shelter","isPartOf":{"@id":"https:\/\/fr.mamadevelop.env.ennismore.com\/dijon\/#website"},"datePublished":"2020-10-05T22:02:10+00:00","dateModified":"2025-08-04T15:13:40+00:00","description":"D\u00e9couvrez le Mama Shelter Dijon en images : Chambres, restaurant, salles de r\u00e9unions...","breadcrumb":{"@id":"https:\/\/fr.mamadevelop.env.ennismore.com\/dijon\/explorer\/photos\/#breadcrumb"},"inLanguage":"fr-FR","potentialAction":[{"@type":"ReadAction","target":["https:\/\/fr.mamadevelop.env.ennismore.com\/dijon\/explorer\/photos\/"]}]},{"@type":"BreadcrumbList","@id":"https:\/\/fr.mamadevelop.env.ennismore.com\/dijon\/explorer\/photos\/#breadcrumb","itemListElement":[{"@type":"ListItem","position":1,"name":"Home","item":"https:\/\/fr.mamadevelop.env.ennismore.com\/dijon\/"},{"@type":"ListItem","position":2,"name":"Explore","item":"https:\/\/fr.mamadevelop.env.ennismore.com\/dijon\/explorer\/"},{"@type":"ListItem","position":3,"name":"Photos"}]},{"@type":"WebSite","@id":"https:\/\/fr.mamadevelop.env.ennismore.com\/dijon\/#website","url":"https:\/\/fr.mamadevelop.env.ennismore.com\/dijon\/","name":"Dijon","description":"Mama Shelter","potentialAction":[{"@type":"SearchAction","target":{"@type":"EntryPoint","urlTemplate":"https:\/\/fr.mamadevelop.env.ennismore.com\/dijon\/?s={search_term_string}"},"query-input":"required name=search_term_string"}],"inLanguage":"fr-FR"}]}},"_links":{"self":[{"href":"https:\/\/fr.mamadevelop.env.ennismore.com\/dijon\/wp-json\/wp\/v2\/pages\/1960","targetHints":{"allow":["GET"]}}],"collection":[{"href":"https:\/\/fr.mamadevelop.env.ennismore.com\/dijon\/wp-json\/wp\/v2\/pages"}],"about":[{"href":"https:\/\/fr.mamadevelop.env.ennismore.com\/dijon\/wp-json\/wp\/v2\/types\/page"}],"author":[{"embeddable":true,"href":"https:\/\/fr.mamadevelop.env.ennismore.com\/dijon\/wp-json\/wp\/v2\/users\/3"}],"replies":[{"embeddable":true,"href":"https:\/\/fr.mamadevelop.env.ennismore.com\/dijon\/wp-json\/wp\/v2\/comments?post=1960"}],"version-history":[{"count":1,"href":"https:\/\/fr.mamadevelop.env.ennismore.com\/dijon\/wp-json\/wp\/v2\/pages\/1960\/revisions"}],"predecessor-version":[{"id":7556,"href":"https:\/\/fr.mamadevelop.env.ennismore.com\/dijon\/wp-json\/wp\/v2\/pages\/1960\/revisions\/7556"}],"up":[{"embeddable":true,"href":"https:\/\/fr.mamadevelop.env.ennismore.com\/dijon\/wp-json\/wp\/v2\/pages\/1475"}],"wp:attachment":[{"href":"https:\/\/fr.mamadevelop.env.ennismore.com\/dijon\/wp-json\/wp\/v2\/media?parent=1960"}],"curies":[{"name":"wp","href":"https:\/\/api.w.org\/{rel}","templated":true}]}}