{"id":4368,"date":"2022-06-16T12:51:37","date_gmt":"2022-06-16T12:51:37","guid":{"rendered":"https:\/\/mamadevelop.env.ennismore.com\/lille\/travailler-celebrer\/"},"modified":"2025-09-05T14:04:20","modified_gmt":"2025-09-05T14:04:20","slug":"travailler-celebrer","status":"publish","type":"page","link":"https:\/\/fr.mamadevelop.env.ennismore.com\/lille\/travailler-celebrer\/","title":{"rendered":"Travailler &#038; C\u00e9l\u00e9brer"},"content":{"rendered":"<p>Le Mama Lille ce n\u2019est pas qu\u2019un restaurant et des chambres. R\u00e9unions professionnelles, soir\u00e9e entre coll\u00e8gues, enterrement de vie de jeune fille ou anniversaire entre amis, Mama vous propose des espaces cosy et adaptables \u00e0 toutes vos envies et besoins. Le petit plus : une v\u00e9randa privatisable avec vue panoramique sur la cit\u00e9 des Flandres.<\/p>\n","protected":false},"excerpt":{"rendered":"<p>Le Mama Lille ce n\u2019est pas qu\u2019un restaurant et des chambres. R\u00e9unions professionnelles, soir\u00e9e entre coll\u00e8gues, enterrement de vie de jeune fille ou anniversaire entre amis, Mama vous propose des espaces cosy et adaptables \u00e0 toutes vos envies et besoins. Le petit plus : une v\u00e9randa privatisable avec vue panoramique sur la cit\u00e9 des Flandres.<\/p>\n","protected":false},"author":6,"featured_media":0,"parent":0,"menu_order":0,"comment_status":"closed","ping_status":"closed","template":"","meta":{"footnotes":""},"class_list":["post-4368","page","type-page","status-publish","hentry"],"acf":[],"yoast_head":"<!-- This site is optimized with the Yoast SEO plugin v20.13 - https:\/\/yoast.com\/wordpress\/plugins\/seo\/ -->\n<title>Louez nos espaces de r\u00e9union pour vos \u00e9v\u00e9nements \u00e0 Lille.<\/title>\n<meta name=\"description\" content=\"Pr\u00e9parez votre r\u00e9union - Mama s&#039;occupe du reste. Organisez vos \u00e9v\u00e9nements professionnels ou votre enterrement de vie de jeune fille \u00e0 Mama Shelter Lille.\" \/>\n<meta name=\"robots\" content=\"index, follow, max-snippet:-1, max-image-preview:large, max-video-preview:-1\" \/>\n<link rel=\"canonical\" href=\"https:\/\/fr.mamadevelop.env.ennismore.com\/lille\/travailler-celebrer\/\" \/>\n<meta property=\"og:locale\" content=\"fr_FR\" \/>\n<meta property=\"og:type\" content=\"article\" \/>\n<meta property=\"og:title\" content=\"Louez nos espaces de r\u00e9union pour vos \u00e9v\u00e9nements \u00e0 Lille.\" \/>\n<meta property=\"og:description\" content=\"Pr\u00e9parez votre r\u00e9union - Mama s&#039;occupe du reste. Organisez vos \u00e9v\u00e9nements professionnels ou votre enterrement de vie de jeune fille \u00e0 Mama Shelter Lille.\" \/>\n<meta property=\"og:url\" content=\"https:\/\/fr.mamadevelop.env.ennismore.com\/lille\/travailler-celebrer\/\" \/>\n<meta property=\"og:site_name\" content=\"Lille\" \/>\n<meta property=\"article:modified_time\" content=\"2025-09-05T14:04:20+00:00\" \/>\n<meta name=\"twitter:card\" content=\"summary_large_image\" \/>\n<meta name=\"twitter:label1\" content=\"Dur\u00e9e de lecture est.\" \/>\n\t<meta name=\"twitter:data1\" content=\"1 minute\" \/>\n<script type=\"application\/ld+json\" class=\"yoast-schema-graph\">{\"@context\":\"https:\/\/schema.org\",\"@graph\":[{\"@type\":\"WebPage\",\"@id\":\"https:\/\/fr.mamadevelop.env.ennismore.com\/lille\/travailler-celebrer\/\",\"url\":\"https:\/\/fr.mamadevelop.env.ennismore.com\/lille\/travailler-celebrer\/\",\"name\":\"Louez nos espaces de r\u00e9union pour vos \u00e9v\u00e9nements \u00e0 Lille.\",\"isPartOf\":{\"@id\":\"https:\/\/fr.mamadevelop.env.ennismore.com\/lille\/#website\"},\"datePublished\":\"2022-06-16T12:51:37+00:00\",\"dateModified\":\"2025-09-05T14:04:20+00:00\",\"description\":\"Pr\u00e9parez votre r\u00e9union - Mama s'occupe du reste. Organisez vos \u00e9v\u00e9nements professionnels ou votre enterrement de vie de jeune fille \u00e0 Mama Shelter Lille.\",\"breadcrumb\":{\"@id\":\"https:\/\/fr.mamadevelop.env.ennismore.com\/lille\/travailler-celebrer\/#breadcrumb\"},\"inLanguage\":\"fr-FR\",\"potentialAction\":[{\"@type\":\"ReadAction\",\"target\":[\"https:\/\/fr.mamadevelop.env.ennismore.com\/lille\/travailler-celebrer\/\"]}]},{\"@type\":\"BreadcrumbList\",\"@id\":\"https:\/\/fr.mamadevelop.env.ennismore.com\/lille\/travailler-celebrer\/#breadcrumb\",\"itemListElement\":[{\"@type\":\"ListItem\",\"position\":1,\"name\":\"Home\",\"item\":\"https:\/\/fr.mamadevelop.env.ennismore.com\/lille\/\"},{\"@type\":\"ListItem\",\"position\":2,\"name\":\"Travailler &#038; C\u00e9l\u00e9brer\"}]},{\"@type\":\"WebSite\",\"@id\":\"https:\/\/fr.mamadevelop.env.ennismore.com\/lille\/#website\",\"url\":\"https:\/\/fr.mamadevelop.env.ennismore.com\/lille\/\",\"name\":\"Lille\",\"description\":\"Mama Shelter\",\"potentialAction\":[{\"@type\":\"SearchAction\",\"target\":{\"@type\":\"EntryPoint\",\"urlTemplate\":\"https:\/\/fr.mamadevelop.env.ennismore.com\/lille\/?s={search_term_string}\"},\"query-input\":\"required name=search_term_string\"}],\"inLanguage\":\"fr-FR\"}]}<\/script>\n<!-- \/ Yoast SEO plugin. -->","yoast_head_json":{"title":"Louez nos espaces de r\u00e9union pour vos \u00e9v\u00e9nements \u00e0 Lille.","description":"Pr\u00e9parez votre r\u00e9union - Mama s'occupe du reste. Organisez vos \u00e9v\u00e9nements professionnels ou votre enterrement de vie de jeune fille \u00e0 Mama Shelter Lille.","robots":{"index":"index","follow":"follow","max-snippet":"max-snippet:-1","max-image-preview":"max-image-preview:large","max-video-preview":"max-video-preview:-1"},"canonical":"https:\/\/fr.mamadevelop.env.ennismore.com\/lille\/travailler-celebrer\/","og_locale":"fr_FR","og_type":"article","og_title":"Louez nos espaces de r\u00e9union pour vos \u00e9v\u00e9nements \u00e0 Lille.","og_description":"Pr\u00e9parez votre r\u00e9union - Mama s'occupe du reste. Organisez vos \u00e9v\u00e9nements professionnels ou votre enterrement de vie de jeune fille \u00e0 Mama Shelter Lille.","og_url":"https:\/\/fr.mamadevelop.env.ennismore.com\/lille\/travailler-celebrer\/","og_site_name":"Lille","article_modified_time":"2025-09-05T14:04:20+00:00","twitter_card":"summary_large_image","twitter_misc":{"Dur\u00e9e de lecture est.":"1 minute"},"schema":{"@context":"https:\/\/schema.org","@graph":[{"@type":"WebPage","@id":"https:\/\/fr.mamadevelop.env.ennismore.com\/lille\/travailler-celebrer\/","url":"https:\/\/fr.mamadevelop.env.ennismore.com\/lille\/travailler-celebrer\/","name":"Louez nos espaces de r\u00e9union pour vos \u00e9v\u00e9nements \u00e0 Lille.","isPartOf":{"@id":"https:\/\/fr.mamadevelop.env.ennismore.com\/lille\/#website"},"datePublished":"2022-06-16T12:51:37+00:00","dateModified":"2025-09-05T14:04:20+00:00","description":"Pr\u00e9parez votre r\u00e9union - Mama s'occupe du reste. Organisez vos \u00e9v\u00e9nements professionnels ou votre enterrement de vie de jeune fille \u00e0 Mama Shelter Lille.","breadcrumb":{"@id":"https:\/\/fr.mamadevelop.env.ennismore.com\/lille\/travailler-celebrer\/#breadcrumb"},"inLanguage":"fr-FR","potentialAction":[{"@type":"ReadAction","target":["https:\/\/fr.mamadevelop.env.ennismore.com\/lille\/travailler-celebrer\/"]}]},{"@type":"BreadcrumbList","@id":"https:\/\/fr.mamadevelop.env.ennismore.com\/lille\/travailler-celebrer\/#breadcrumb","itemListElement":[{"@type":"ListItem","position":1,"name":"Home","item":"https:\/\/fr.mamadevelop.env.ennismore.com\/lille\/"},{"@type":"ListItem","position":2,"name":"Travailler &#038; C\u00e9l\u00e9brer"}]},{"@type":"WebSite","@id":"https:\/\/fr.mamadevelop.env.ennismore.com\/lille\/#website","url":"https:\/\/fr.mamadevelop.env.ennismore.com\/lille\/","name":"Lille","description":"Mama Shelter","potentialAction":[{"@type":"SearchAction","target":{"@type":"EntryPoint","urlTemplate":"https:\/\/fr.mamadevelop.env.ennismore.com\/lille\/?s={search_term_string}"},"query-input":"required name=search_term_string"}],"inLanguage":"fr-FR"}]}},"_links":{"self":[{"href":"https:\/\/fr.mamadevelop.env.ennismore.com\/lille\/wp-json\/wp\/v2\/pages\/4368","targetHints":{"allow":["GET"]}}],"collection":[{"href":"https:\/\/fr.mamadevelop.env.ennismore.com\/lille\/wp-json\/wp\/v2\/pages"}],"about":[{"href":"https:\/\/fr.mamadevelop.env.ennismore.com\/lille\/wp-json\/wp\/v2\/types\/page"}],"author":[{"embeddable":true,"href":"https:\/\/fr.mamadevelop.env.ennismore.com\/lille\/wp-json\/wp\/v2\/users\/6"}],"replies":[{"embeddable":true,"href":"https:\/\/fr.mamadevelop.env.ennismore.com\/lille\/wp-json\/wp\/v2\/comments?post=4368"}],"version-history":[{"count":3,"href":"https:\/\/fr.mamadevelop.env.ennismore.com\/lille\/wp-json\/wp\/v2\/pages\/4368\/revisions"}],"predecessor-version":[{"id":5957,"href":"https:\/\/fr.mamadevelop.env.ennismore.com\/lille\/wp-json\/wp\/v2\/pages\/4368\/revisions\/5957"}],"wp:attachment":[{"href":"https:\/\/fr.mamadevelop.env.ennismore.com\/lille\/wp-json\/wp\/v2\/media?parent=4368"}],"curies":[{"name":"wp","href":"https:\/\/api.w.org\/{rel}","templated":true}]}}