{"id":1560,"date":"2020-10-01T10:38:51","date_gmt":"2020-10-01T10:38:51","guid":{"rendered":"https:\/\/mamadevelop.env.ennismore.com\/rennes\/meeting-events\/"},"modified":"2022-06-10T16:01:37","modified_gmt":"2022-06-10T16:01:37","slug":"meetings-events","status":"publish","type":"page","link":"https:\/\/fr.mamadevelop.env.ennismore.com\/rennes\/meetings-events\/","title":{"rendered":"Meetings &#038; events"},"content":{"rendered":"","protected":false},"excerpt":{"rendered":"","protected":false},"author":4,"featured_media":0,"parent":0,"menu_order":36,"comment_status":"closed","ping_status":"closed","template":"","meta":{"footnotes":""},"class_list":["post-1560","page","type-page","status-publish","hentry"],"acf":[],"yoast_head":"<!-- This site is optimized with the Yoast SEO plugin v20.13 - https:\/\/yoast.com\/wordpress\/plugins\/seo\/ -->\n<title>S\u00e9minaires, team-building et \u00e9v\u00e8nements \u00e0 Rennes | Mama Shelter<\/title>\n<meta name=\"description\" content=\"Organisez vos s\u00e9minaires, r\u00e9unions, \u00e9v\u00e9nements et team building avec votre \u00e9quipe dans un lieu unique et cozy au Mama Shelter Rennes.\" \/>\n<meta name=\"robots\" content=\"index, follow, max-snippet:-1, max-image-preview:large, max-video-preview:-1\" \/>\n<link rel=\"canonical\" href=\"https:\/\/fr.mamadevelop.env.ennismore.com\/rennes\/meetings-events\/\" \/>\n<meta property=\"og:locale\" content=\"fr_FR\" \/>\n<meta property=\"og:type\" content=\"article\" \/>\n<meta property=\"og:title\" content=\"S\u00e9minaires, team-building et \u00e9v\u00e8nements \u00e0 Rennes | Mama Shelter\" \/>\n<meta property=\"og:description\" content=\"Organisez vos s\u00e9minaires, r\u00e9unions, \u00e9v\u00e9nements et team building avec votre \u00e9quipe dans un lieu unique et cozy au Mama Shelter Rennes.\" \/>\n<meta property=\"og:url\" content=\"https:\/\/fr.mamadevelop.env.ennismore.com\/rennes\/meetings-events\/\" \/>\n<meta property=\"og:site_name\" content=\"Rennes\" \/>\n<meta property=\"article:modified_time\" content=\"2022-06-10T16:01:37+00:00\" \/>\n<meta name=\"twitter:card\" content=\"summary_large_image\" \/>\n<script type=\"application\/ld+json\" class=\"yoast-schema-graph\">{\"@context\":\"https:\/\/schema.org\",\"@graph\":[{\"@type\":\"WebPage\",\"@id\":\"https:\/\/fr.mamadevelop.env.ennismore.com\/rennes\/meetings-events\/\",\"url\":\"https:\/\/fr.mamadevelop.env.ennismore.com\/rennes\/meetings-events\/\",\"name\":\"S\u00e9minaires, team-building et \u00e9v\u00e8nements \u00e0 Rennes | Mama Shelter\",\"isPartOf\":{\"@id\":\"https:\/\/fr.mamadevelop.env.ennismore.com\/rennes\/#website\"},\"datePublished\":\"2020-10-01T10:38:51+00:00\",\"dateModified\":\"2022-06-10T16:01:37+00:00\",\"description\":\"Organisez vos s\u00e9minaires, r\u00e9unions, \u00e9v\u00e9nements et team building avec votre \u00e9quipe dans un lieu unique et cozy au Mama Shelter Rennes.\",\"breadcrumb\":{\"@id\":\"https:\/\/fr.mamadevelop.env.ennismore.com\/rennes\/meetings-events\/#breadcrumb\"},\"inLanguage\":\"fr-FR\",\"potentialAction\":[{\"@type\":\"ReadAction\",\"target\":[\"https:\/\/fr.mamadevelop.env.ennismore.com\/rennes\/meetings-events\/\"]}]},{\"@type\":\"BreadcrumbList\",\"@id\":\"https:\/\/fr.mamadevelop.env.ennismore.com\/rennes\/meetings-events\/#breadcrumb\",\"itemListElement\":[{\"@type\":\"ListItem\",\"position\":1,\"name\":\"Home\",\"item\":\"https:\/\/fr.mamadevelop.env.ennismore.com\/rennes\/\"},{\"@type\":\"ListItem\",\"position\":2,\"name\":\"Meetings &#038; events\"}]},{\"@type\":\"WebSite\",\"@id\":\"https:\/\/fr.mamadevelop.env.ennismore.com\/rennes\/#website\",\"url\":\"https:\/\/fr.mamadevelop.env.ennismore.com\/rennes\/\",\"name\":\"Rennes\",\"description\":\"Mama Shelter\",\"potentialAction\":[{\"@type\":\"SearchAction\",\"target\":{\"@type\":\"EntryPoint\",\"urlTemplate\":\"https:\/\/fr.mamadevelop.env.ennismore.com\/rennes\/?s={search_term_string}\"},\"query-input\":\"required name=search_term_string\"}],\"inLanguage\":\"fr-FR\"}]}<\/script>\n<!-- \/ Yoast SEO plugin. -->","yoast_head_json":{"title":"S\u00e9minaires, team-building et \u00e9v\u00e8nements \u00e0 Rennes | Mama Shelter","description":"Organisez vos s\u00e9minaires, r\u00e9unions, \u00e9v\u00e9nements et team building avec votre \u00e9quipe dans un lieu unique et cozy au Mama Shelter Rennes.","robots":{"index":"index","follow":"follow","max-snippet":"max-snippet:-1","max-image-preview":"max-image-preview:large","max-video-preview":"max-video-preview:-1"},"canonical":"https:\/\/fr.mamadevelop.env.ennismore.com\/rennes\/meetings-events\/","og_locale":"fr_FR","og_type":"article","og_title":"S\u00e9minaires, team-building et \u00e9v\u00e8nements \u00e0 Rennes | Mama Shelter","og_description":"Organisez vos s\u00e9minaires, r\u00e9unions, \u00e9v\u00e9nements et team building avec votre \u00e9quipe dans un lieu unique et cozy au Mama Shelter Rennes.","og_url":"https:\/\/fr.mamadevelop.env.ennismore.com\/rennes\/meetings-events\/","og_site_name":"Rennes","article_modified_time":"2022-06-10T16:01:37+00:00","twitter_card":"summary_large_image","schema":{"@context":"https:\/\/schema.org","@graph":[{"@type":"WebPage","@id":"https:\/\/fr.mamadevelop.env.ennismore.com\/rennes\/meetings-events\/","url":"https:\/\/fr.mamadevelop.env.ennismore.com\/rennes\/meetings-events\/","name":"S\u00e9minaires, team-building et \u00e9v\u00e8nements \u00e0 Rennes | Mama Shelter","isPartOf":{"@id":"https:\/\/fr.mamadevelop.env.ennismore.com\/rennes\/#website"},"datePublished":"2020-10-01T10:38:51+00:00","dateModified":"2022-06-10T16:01:37+00:00","description":"Organisez vos s\u00e9minaires, r\u00e9unions, \u00e9v\u00e9nements et team building avec votre \u00e9quipe dans un lieu unique et cozy au Mama Shelter Rennes.","breadcrumb":{"@id":"https:\/\/fr.mamadevelop.env.ennismore.com\/rennes\/meetings-events\/#breadcrumb"},"inLanguage":"fr-FR","potentialAction":[{"@type":"ReadAction","target":["https:\/\/fr.mamadevelop.env.ennismore.com\/rennes\/meetings-events\/"]}]},{"@type":"BreadcrumbList","@id":"https:\/\/fr.mamadevelop.env.ennismore.com\/rennes\/meetings-events\/#breadcrumb","itemListElement":[{"@type":"ListItem","position":1,"name":"Home","item":"https:\/\/fr.mamadevelop.env.ennismore.com\/rennes\/"},{"@type":"ListItem","position":2,"name":"Meetings &#038; events"}]},{"@type":"WebSite","@id":"https:\/\/fr.mamadevelop.env.ennismore.com\/rennes\/#website","url":"https:\/\/fr.mamadevelop.env.ennismore.com\/rennes\/","name":"Rennes","description":"Mama Shelter","potentialAction":[{"@type":"SearchAction","target":{"@type":"EntryPoint","urlTemplate":"https:\/\/fr.mamadevelop.env.ennismore.com\/rennes\/?s={search_term_string}"},"query-input":"required name=search_term_string"}],"inLanguage":"fr-FR"}]}},"_links":{"self":[{"href":"https:\/\/fr.mamadevelop.env.ennismore.com\/rennes\/wp-json\/wp\/v2\/pages\/1560","targetHints":{"allow":["GET"]}}],"collection":[{"href":"https:\/\/fr.mamadevelop.env.ennismore.com\/rennes\/wp-json\/wp\/v2\/pages"}],"about":[{"href":"https:\/\/fr.mamadevelop.env.ennismore.com\/rennes\/wp-json\/wp\/v2\/types\/page"}],"author":[{"embeddable":true,"href":"https:\/\/fr.mamadevelop.env.ennismore.com\/rennes\/wp-json\/wp\/v2\/users\/4"}],"replies":[{"embeddable":true,"href":"https:\/\/fr.mamadevelop.env.ennismore.com\/rennes\/wp-json\/wp\/v2\/comments?post=1560"}],"version-history":[{"count":0,"href":"https:\/\/fr.mamadevelop.env.ennismore.com\/rennes\/wp-json\/wp\/v2\/pages\/1560\/revisions"}],"wp:attachment":[{"href":"https:\/\/fr.mamadevelop.env.ennismore.com\/rennes\/wp-json\/wp\/v2\/media?parent=1560"}],"curies":[{"name":"wp","href":"https:\/\/api.w.org\/{rel}","templated":true}]}}