{"id":1731,"date":"2020-10-01T15:12:23","date_gmt":"2020-10-01T15:12:23","guid":{"rendered":"https:\/\/mamadevelop.env.ennismore.com\/rennes\/meeting-events\/meetings-events-ateliers\/"},"modified":"2022-03-21T13:41:46","modified_gmt":"2022-03-21T13:41:46","slug":"ateliers","status":"publish","type":"page","link":"https:\/\/fr.mamadevelop.env.ennismore.com\/rennes\/meetings-events\/ateliers\/","title":{"rendered":"Ateliers"},"content":{"rendered":"","protected":false},"excerpt":{"rendered":"","protected":false},"author":6,"featured_media":0,"parent":1560,"menu_order":31,"comment_status":"closed","ping_status":"closed","template":"","meta":{"footnotes":""},"class_list":["post-1731","page","type-page","status-publish","hentry"],"acf":[],"yoast_head":"<!-- This site is optimized with the Yoast SEO plugin v20.13 - https:\/\/yoast.com\/wordpress\/plugins\/seo\/ -->\n<title>R\u00e9servez nos Ateliers pour vos \u00e9v\u00e8nements \u00e0 Rennes | Mama Shelter<\/title>\n<meta name=\"description\" content=\"Mama Shelter Rennes vous propose ses Ateliers, des salles de r\u00e9unions originales et modulables pour booster votre cr\u00e9ativit\u00e9.\" \/>\n<meta name=\"robots\" content=\"index, follow, max-snippet:-1, max-image-preview:large, max-video-preview:-1\" \/>\n<link rel=\"canonical\" href=\"https:\/\/fr.mamadevelop.env.ennismore.com\/rennes\/meetings-events\/ateliers\/\" \/>\n<meta property=\"og:locale\" content=\"fr_FR\" \/>\n<meta property=\"og:type\" content=\"article\" \/>\n<meta property=\"og:title\" content=\"R\u00e9servez nos Ateliers pour vos \u00e9v\u00e8nements \u00e0 Rennes | Mama Shelter\" \/>\n<meta property=\"og:description\" content=\"Mama Shelter Rennes vous propose ses Ateliers, des salles de r\u00e9unions originales et modulables pour booster votre cr\u00e9ativit\u00e9.\" \/>\n<meta property=\"og:url\" content=\"https:\/\/fr.mamadevelop.env.ennismore.com\/rennes\/meetings-events\/ateliers\/\" \/>\n<meta property=\"og:site_name\" content=\"Rennes\" \/>\n<meta property=\"article:modified_time\" content=\"2022-03-21T13:41:46+00:00\" \/>\n<meta name=\"twitter:card\" content=\"summary_large_image\" \/>\n<script type=\"application\/ld+json\" class=\"yoast-schema-graph\">{\"@context\":\"https:\/\/schema.org\",\"@graph\":[{\"@type\":\"WebPage\",\"@id\":\"https:\/\/fr.mamadevelop.env.ennismore.com\/rennes\/meetings-events\/ateliers\/\",\"url\":\"https:\/\/fr.mamadevelop.env.ennismore.com\/rennes\/meetings-events\/ateliers\/\",\"name\":\"R\u00e9servez nos Ateliers pour vos \u00e9v\u00e8nements \u00e0 Rennes | Mama Shelter\",\"isPartOf\":{\"@id\":\"https:\/\/fr.mamadevelop.env.ennismore.com\/rennes\/#website\"},\"datePublished\":\"2020-10-01T15:12:23+00:00\",\"dateModified\":\"2022-03-21T13:41:46+00:00\",\"description\":\"Mama Shelter Rennes vous propose ses Ateliers, des salles de r\u00e9unions originales et modulables pour booster votre cr\u00e9ativit\u00e9.\",\"breadcrumb\":{\"@id\":\"https:\/\/fr.mamadevelop.env.ennismore.com\/rennes\/meetings-events\/ateliers\/#breadcrumb\"},\"inLanguage\":\"fr-FR\",\"potentialAction\":[{\"@type\":\"ReadAction\",\"target\":[\"https:\/\/fr.mamadevelop.env.ennismore.com\/rennes\/meetings-events\/ateliers\/\"]}]},{\"@type\":\"BreadcrumbList\",\"@id\":\"https:\/\/fr.mamadevelop.env.ennismore.com\/rennes\/meetings-events\/ateliers\/#breadcrumb\",\"itemListElement\":[{\"@type\":\"ListItem\",\"position\":1,\"name\":\"Home\",\"item\":\"https:\/\/fr.mamadevelop.env.ennismore.com\/rennes\/\"},{\"@type\":\"ListItem\",\"position\":2,\"name\":\"Meetings &#038; events\",\"item\":\"https:\/\/fr.mamadevelop.env.ennismore.com\/rennes\/meetings-events\/\"},{\"@type\":\"ListItem\",\"position\":3,\"name\":\"Ateliers\"}]},{\"@type\":\"WebSite\",\"@id\":\"https:\/\/fr.mamadevelop.env.ennismore.com\/rennes\/#website\",\"url\":\"https:\/\/fr.mamadevelop.env.ennismore.com\/rennes\/\",\"name\":\"Rennes\",\"description\":\"Mama Shelter\",\"potentialAction\":[{\"@type\":\"SearchAction\",\"target\":{\"@type\":\"EntryPoint\",\"urlTemplate\":\"https:\/\/fr.mamadevelop.env.ennismore.com\/rennes\/?s={search_term_string}\"},\"query-input\":\"required name=search_term_string\"}],\"inLanguage\":\"fr-FR\"}]}<\/script>\n<!-- \/ Yoast SEO plugin. -->","yoast_head_json":{"title":"R\u00e9servez nos Ateliers pour vos \u00e9v\u00e8nements \u00e0 Rennes | Mama Shelter","description":"Mama Shelter Rennes vous propose ses Ateliers, des salles de r\u00e9unions originales et modulables pour booster votre cr\u00e9ativit\u00e9.","robots":{"index":"index","follow":"follow","max-snippet":"max-snippet:-1","max-image-preview":"max-image-preview:large","max-video-preview":"max-video-preview:-1"},"canonical":"https:\/\/fr.mamadevelop.env.ennismore.com\/rennes\/meetings-events\/ateliers\/","og_locale":"fr_FR","og_type":"article","og_title":"R\u00e9servez nos Ateliers pour vos \u00e9v\u00e8nements \u00e0 Rennes | Mama Shelter","og_description":"Mama Shelter Rennes vous propose ses Ateliers, des salles de r\u00e9unions originales et modulables pour booster votre cr\u00e9ativit\u00e9.","og_url":"https:\/\/fr.mamadevelop.env.ennismore.com\/rennes\/meetings-events\/ateliers\/","og_site_name":"Rennes","article_modified_time":"2022-03-21T13:41:46+00:00","twitter_card":"summary_large_image","schema":{"@context":"https:\/\/schema.org","@graph":[{"@type":"WebPage","@id":"https:\/\/fr.mamadevelop.env.ennismore.com\/rennes\/meetings-events\/ateliers\/","url":"https:\/\/fr.mamadevelop.env.ennismore.com\/rennes\/meetings-events\/ateliers\/","name":"R\u00e9servez nos Ateliers pour vos \u00e9v\u00e8nements \u00e0 Rennes | Mama Shelter","isPartOf":{"@id":"https:\/\/fr.mamadevelop.env.ennismore.com\/rennes\/#website"},"datePublished":"2020-10-01T15:12:23+00:00","dateModified":"2022-03-21T13:41:46+00:00","description":"Mama Shelter Rennes vous propose ses Ateliers, des salles de r\u00e9unions originales et modulables pour booster votre cr\u00e9ativit\u00e9.","breadcrumb":{"@id":"https:\/\/fr.mamadevelop.env.ennismore.com\/rennes\/meetings-events\/ateliers\/#breadcrumb"},"inLanguage":"fr-FR","potentialAction":[{"@type":"ReadAction","target":["https:\/\/fr.mamadevelop.env.ennismore.com\/rennes\/meetings-events\/ateliers\/"]}]},{"@type":"BreadcrumbList","@id":"https:\/\/fr.mamadevelop.env.ennismore.com\/rennes\/meetings-events\/ateliers\/#breadcrumb","itemListElement":[{"@type":"ListItem","position":1,"name":"Home","item":"https:\/\/fr.mamadevelop.env.ennismore.com\/rennes\/"},{"@type":"ListItem","position":2,"name":"Meetings &#038; events","item":"https:\/\/fr.mamadevelop.env.ennismore.com\/rennes\/meetings-events\/"},{"@type":"ListItem","position":3,"name":"Ateliers"}]},{"@type":"WebSite","@id":"https:\/\/fr.mamadevelop.env.ennismore.com\/rennes\/#website","url":"https:\/\/fr.mamadevelop.env.ennismore.com\/rennes\/","name":"Rennes","description":"Mama Shelter","potentialAction":[{"@type":"SearchAction","target":{"@type":"EntryPoint","urlTemplate":"https:\/\/fr.mamadevelop.env.ennismore.com\/rennes\/?s={search_term_string}"},"query-input":"required name=search_term_string"}],"inLanguage":"fr-FR"}]}},"_links":{"self":[{"href":"https:\/\/fr.mamadevelop.env.ennismore.com\/rennes\/wp-json\/wp\/v2\/pages\/1731","targetHints":{"allow":["GET"]}}],"collection":[{"href":"https:\/\/fr.mamadevelop.env.ennismore.com\/rennes\/wp-json\/wp\/v2\/pages"}],"about":[{"href":"https:\/\/fr.mamadevelop.env.ennismore.com\/rennes\/wp-json\/wp\/v2\/types\/page"}],"author":[{"embeddable":true,"href":"https:\/\/fr.mamadevelop.env.ennismore.com\/rennes\/wp-json\/wp\/v2\/users\/6"}],"replies":[{"embeddable":true,"href":"https:\/\/fr.mamadevelop.env.ennismore.com\/rennes\/wp-json\/wp\/v2\/comments?post=1731"}],"version-history":[{"count":0,"href":"https:\/\/fr.mamadevelop.env.ennismore.com\/rennes\/wp-json\/wp\/v2\/pages\/1731\/revisions"}],"up":[{"embeddable":true,"href":"https:\/\/fr.mamadevelop.env.ennismore.com\/rennes\/wp-json\/wp\/v2\/pages\/1560"}],"wp:attachment":[{"href":"https:\/\/fr.mamadevelop.env.ennismore.com\/rennes\/wp-json\/wp\/v2\/media?parent=1731"}],"curies":[{"name":"wp","href":"https:\/\/api.w.org\/{rel}","templated":true}]}}