{"id":1734,"date":"2020-10-01T15:20:16","date_gmt":"2020-10-01T15:20:16","guid":{"rendered":"https:\/\/mamadevelop.env.ennismore.com\/rennes\/meeting-events\/meetings-events-chambres\/"},"modified":"2022-03-21T13:41:38","modified_gmt":"2022-03-21T13:41:38","slug":"chambres","status":"publish","type":"page","link":"https:\/\/fr.mamadevelop.env.ennismore.com\/rennes\/meetings-events\/chambres\/","title":{"rendered":"Chambres"},"content":{"rendered":"","protected":false},"excerpt":{"rendered":"","protected":false},"author":7,"featured_media":0,"parent":1560,"menu_order":12,"comment_status":"closed","ping_status":"closed","template":"","meta":{"footnotes":""},"class_list":["post-1734","page","type-page","status-publish","hentry"],"acf":[],"yoast_head":"<!-- This site is optimized with the Yoast SEO plugin v20.13 - https:\/\/yoast.com\/wordpress\/plugins\/seo\/ -->\n<title>Chambres cosy \u00e0 Rennes | Mama Shelter<\/title>\n<meta name=\"description\" content=\"Fatigu\u00e9(e) apr\u00e8s une journ\u00e9e intense de travail ? Profitez de nos chambres cosy &amp; design pour vous reposer chez Mama.\" \/>\n<meta name=\"robots\" content=\"index, follow, max-snippet:-1, max-image-preview:large, max-video-preview:-1\" \/>\n<link rel=\"canonical\" href=\"https:\/\/fr.mamadevelop.env.ennismore.com\/rennes\/meetings-events\/chambres\/\" \/>\n<meta property=\"og:locale\" content=\"fr_FR\" \/>\n<meta property=\"og:type\" content=\"article\" \/>\n<meta property=\"og:title\" content=\"Chambres cosy \u00e0 Rennes | Mama Shelter\" \/>\n<meta property=\"og:description\" content=\"Fatigu\u00e9(e) apr\u00e8s une journ\u00e9e intense de travail ? Profitez de nos chambres cosy &amp; design pour vous reposer chez Mama.\" \/>\n<meta property=\"og:url\" content=\"https:\/\/fr.mamadevelop.env.ennismore.com\/rennes\/meetings-events\/chambres\/\" \/>\n<meta property=\"og:site_name\" content=\"Rennes\" \/>\n<meta property=\"article:modified_time\" content=\"2022-03-21T13:41:38+00:00\" \/>\n<meta name=\"twitter:card\" content=\"summary_large_image\" \/>\n<script type=\"application\/ld+json\" class=\"yoast-schema-graph\">{\"@context\":\"https:\/\/schema.org\",\"@graph\":[{\"@type\":\"WebPage\",\"@id\":\"https:\/\/fr.mamadevelop.env.ennismore.com\/rennes\/meetings-events\/chambres\/\",\"url\":\"https:\/\/fr.mamadevelop.env.ennismore.com\/rennes\/meetings-events\/chambres\/\",\"name\":\"Chambres cosy \u00e0 Rennes | Mama Shelter\",\"isPartOf\":{\"@id\":\"https:\/\/fr.mamadevelop.env.ennismore.com\/rennes\/#website\"},\"datePublished\":\"2020-10-01T15:20:16+00:00\",\"dateModified\":\"2022-03-21T13:41:38+00:00\",\"description\":\"Fatigu\u00e9(e) apr\u00e8s une journ\u00e9e intense de travail ? Profitez de nos chambres cosy & design pour vous reposer chez Mama.\",\"breadcrumb\":{\"@id\":\"https:\/\/fr.mamadevelop.env.ennismore.com\/rennes\/meetings-events\/chambres\/#breadcrumb\"},\"inLanguage\":\"fr-FR\",\"potentialAction\":[{\"@type\":\"ReadAction\",\"target\":[\"https:\/\/fr.mamadevelop.env.ennismore.com\/rennes\/meetings-events\/chambres\/\"]}]},{\"@type\":\"BreadcrumbList\",\"@id\":\"https:\/\/fr.mamadevelop.env.ennismore.com\/rennes\/meetings-events\/chambres\/#breadcrumb\",\"itemListElement\":[{\"@type\":\"ListItem\",\"position\":1,\"name\":\"Home\",\"item\":\"https:\/\/fr.mamadevelop.env.ennismore.com\/rennes\/\"},{\"@type\":\"ListItem\",\"position\":2,\"name\":\"Meetings &#038; events\",\"item\":\"https:\/\/fr.mamadevelop.env.ennismore.com\/rennes\/meetings-events\/\"},{\"@type\":\"ListItem\",\"position\":3,\"name\":\"Chambres\"}]},{\"@type\":\"WebSite\",\"@id\":\"https:\/\/fr.mamadevelop.env.ennismore.com\/rennes\/#website\",\"url\":\"https:\/\/fr.mamadevelop.env.ennismore.com\/rennes\/\",\"name\":\"Rennes\",\"description\":\"Mama Shelter\",\"potentialAction\":[{\"@type\":\"SearchAction\",\"target\":{\"@type\":\"EntryPoint\",\"urlTemplate\":\"https:\/\/fr.mamadevelop.env.ennismore.com\/rennes\/?s={search_term_string}\"},\"query-input\":\"required name=search_term_string\"}],\"inLanguage\":\"fr-FR\"}]}<\/script>\n<!-- \/ Yoast SEO plugin. -->","yoast_head_json":{"title":"Chambres cosy \u00e0 Rennes | Mama Shelter","description":"Fatigu\u00e9(e) apr\u00e8s une journ\u00e9e intense de travail ? Profitez de nos chambres cosy & design pour vous reposer chez Mama.","robots":{"index":"index","follow":"follow","max-snippet":"max-snippet:-1","max-image-preview":"max-image-preview:large","max-video-preview":"max-video-preview:-1"},"canonical":"https:\/\/fr.mamadevelop.env.ennismore.com\/rennes\/meetings-events\/chambres\/","og_locale":"fr_FR","og_type":"article","og_title":"Chambres cosy \u00e0 Rennes | Mama Shelter","og_description":"Fatigu\u00e9(e) apr\u00e8s une journ\u00e9e intense de travail ? Profitez de nos chambres cosy & design pour vous reposer chez Mama.","og_url":"https:\/\/fr.mamadevelop.env.ennismore.com\/rennes\/meetings-events\/chambres\/","og_site_name":"Rennes","article_modified_time":"2022-03-21T13:41:38+00:00","twitter_card":"summary_large_image","schema":{"@context":"https:\/\/schema.org","@graph":[{"@type":"WebPage","@id":"https:\/\/fr.mamadevelop.env.ennismore.com\/rennes\/meetings-events\/chambres\/","url":"https:\/\/fr.mamadevelop.env.ennismore.com\/rennes\/meetings-events\/chambres\/","name":"Chambres cosy \u00e0 Rennes | Mama Shelter","isPartOf":{"@id":"https:\/\/fr.mamadevelop.env.ennismore.com\/rennes\/#website"},"datePublished":"2020-10-01T15:20:16+00:00","dateModified":"2022-03-21T13:41:38+00:00","description":"Fatigu\u00e9(e) apr\u00e8s une journ\u00e9e intense de travail ? Profitez de nos chambres cosy & design pour vous reposer chez Mama.","breadcrumb":{"@id":"https:\/\/fr.mamadevelop.env.ennismore.com\/rennes\/meetings-events\/chambres\/#breadcrumb"},"inLanguage":"fr-FR","potentialAction":[{"@type":"ReadAction","target":["https:\/\/fr.mamadevelop.env.ennismore.com\/rennes\/meetings-events\/chambres\/"]}]},{"@type":"BreadcrumbList","@id":"https:\/\/fr.mamadevelop.env.ennismore.com\/rennes\/meetings-events\/chambres\/#breadcrumb","itemListElement":[{"@type":"ListItem","position":1,"name":"Home","item":"https:\/\/fr.mamadevelop.env.ennismore.com\/rennes\/"},{"@type":"ListItem","position":2,"name":"Meetings &#038; events","item":"https:\/\/fr.mamadevelop.env.ennismore.com\/rennes\/meetings-events\/"},{"@type":"ListItem","position":3,"name":"Chambres"}]},{"@type":"WebSite","@id":"https:\/\/fr.mamadevelop.env.ennismore.com\/rennes\/#website","url":"https:\/\/fr.mamadevelop.env.ennismore.com\/rennes\/","name":"Rennes","description":"Mama Shelter","potentialAction":[{"@type":"SearchAction","target":{"@type":"EntryPoint","urlTemplate":"https:\/\/fr.mamadevelop.env.ennismore.com\/rennes\/?s={search_term_string}"},"query-input":"required name=search_term_string"}],"inLanguage":"fr-FR"}]}},"_links":{"self":[{"href":"https:\/\/fr.mamadevelop.env.ennismore.com\/rennes\/wp-json\/wp\/v2\/pages\/1734","targetHints":{"allow":["GET"]}}],"collection":[{"href":"https:\/\/fr.mamadevelop.env.ennismore.com\/rennes\/wp-json\/wp\/v2\/pages"}],"about":[{"href":"https:\/\/fr.mamadevelop.env.ennismore.com\/rennes\/wp-json\/wp\/v2\/types\/page"}],"author":[{"embeddable":true,"href":"https:\/\/fr.mamadevelop.env.ennismore.com\/rennes\/wp-json\/wp\/v2\/users\/7"}],"replies":[{"embeddable":true,"href":"https:\/\/fr.mamadevelop.env.ennismore.com\/rennes\/wp-json\/wp\/v2\/comments?post=1734"}],"version-history":[{"count":0,"href":"https:\/\/fr.mamadevelop.env.ennismore.com\/rennes\/wp-json\/wp\/v2\/pages\/1734\/revisions"}],"up":[{"embeddable":true,"href":"https:\/\/fr.mamadevelop.env.ennismore.com\/rennes\/wp-json\/wp\/v2\/pages\/1560"}],"wp:attachment":[{"href":"https:\/\/fr.mamadevelop.env.ennismore.com\/rennes\/wp-json\/wp\/v2\/media?parent=1734"}],"curies":[{"name":"wp","href":"https:\/\/api.w.org\/{rel}","templated":true}]}}